{"id":2894,"date":"2021-09-17T08:40:24","date_gmt":"2021-09-17T08:40:24","guid":{"rendered":"https:\/\/demo.axyverax.com\/demo\/?page_id=2894"},"modified":"2021-09-17T08:40:24","modified_gmt":"2021-09-17T08:40:24","slug":"iletisim","status":"publish","type":"page","link":"https:\/\/akdenizolay.com.tr\/index.php\/iletisim\/","title":{"rendered":"\u0130leti\u015fim Sayfas\u0131"},"content":{"rendered":"<p>Lorem ipsum dolor sit amet consectetur. Consectetur amet sit dolor ipsum lorem. Amet sit dolor ipsum lorem consectetur.<\/p>\n<p><strong>Adres:<\/strong> Lorem Sokak., 34000, Fatih, \u0130stanbul<br \/>\n<strong>Telefon Numaras\u0131:<\/strong> 0 (216) 000 00 00<\/p>\n<p><em>\u0130leti\u015fim formu <strong>Contact Form 7<\/strong> eklentisi ile olu\u015fturulmu\u015ftur.<\/em><\/p>\n<p>[contact-form-7 id=&#8221;2895&#8243; title=&#8221;\u0130leti\u015fim formu 1&#8243;]<\/p>\n","protected":false},"excerpt":{"rendered":"<p>Lorem ipsum dolor sit amet consectetur. Consectetur amet sit dolor ipsum lorem. Amet sit dolor&#8230;<\/p>\n","protected":false},"author":1,"featured_media":0,"parent":0,"menu_order":0,"comment_status":"closed","ping_status":"closed","template":"","meta":{"footnotes":""},"class_list":["post-2894","page","type-page","status-publish","hentry"],"_links":{"self":[{"href":"https:\/\/akdenizolay.com.tr\/index.php\/wp-json\/wp\/v2\/pages\/2894","targetHints":{"allow":["GET"]}}],"collection":[{"href":"https:\/\/akdenizolay.com.tr\/index.php\/wp-json\/wp\/v2\/pages"}],"about":[{"href":"https:\/\/akdenizolay.com.tr\/index.php\/wp-json\/wp\/v2\/types\/page"}],"author":[{"embeddable":true,"href":"https:\/\/akdenizolay.com.tr\/index.php\/wp-json\/wp\/v2\/users\/1"}],"replies":[{"embeddable":true,"href":"https:\/\/akdenizolay.com.tr\/index.php\/wp-json\/wp\/v2\/comments?post=2894"}],"version-history":[{"count":0,"href":"https:\/\/akdenizolay.com.tr\/index.php\/wp-json\/wp\/v2\/pages\/2894\/revisions"}],"wp:attachment":[{"href":"https:\/\/akdenizolay.com.tr\/index.php\/wp-json\/wp\/v2\/media?parent=2894"}],"curies":[{"name":"wp","href":"https:\/\/api.w.org\/{rel}","templated":true}]}}